{"id":987722,"date":"2024-11-19T16:33:54","date_gmt":"2024-11-19T15:33:54","guid":{"rendered":"https:\/\/elynktattoo.fr\/?page_id=987722"},"modified":"2024-12-09T08:25:26","modified_gmt":"2024-12-09T07:25:26","slug":"a-propos","status":"publish","type":"page","link":"https:\/\/elynktattoo.fr\/?page_id=987722","title":{"rendered":"\u00c0 propos"},"content":{"rendered":"\t\t<div data-elementor-type=\"wp-page\" data-elementor-id=\"987722\" class=\"elementor elementor-987722\">\n\t\t\t\t\t\t<section class=\"elementor-section elementor-top-section elementor-element elementor-element-1b080d65 elementor-section-boxed elementor-section-height-default elementor-section-height-default\" data-id=\"1b080d65\" data-element_type=\"section\" data-settings=\"{&quot;background_background&quot;:&quot;classic&quot;}\">\n\t\t\t\t\t\t<div class=\"elementor-container elementor-column-gap-default\">\n\t\t\t\t\t<div class=\"elementor-column elementor-col-100 elementor-top-column elementor-element elementor-element-efec55f\" data-id=\"efec55f\" data-element_type=\"column\">\n\t\t\t<div class=\"elementor-widget-wrap elementor-element-populated\">\n\t\t\t\t\t\t<div class=\"elementor-element elementor-element-960f948 elementor-invisible elementor-widget elementor-widget-text-editor\" data-id=\"960f948\" data-element_type=\"widget\" data-settings=\"{&quot;_animation&quot;:&quot;fadeIn&quot;,&quot;_animation_delay&quot;:200}\" data-widget_type=\"text-editor.default\">\n\t\t\t\t<div class=\"elementor-widget-container\">\n\t\t\t\t\t\t\t\t\t<p>D\u00e9couvre Ely<\/p>\t\t\t\t\t\t\t\t<\/div>\n\t\t\t\t<\/div>\n\t\t\t\t<div class=\"elementor-element elementor-element-660d7875 elementor-invisible elementor-widget elementor-widget-heading\" data-id=\"660d7875\" data-element_type=\"widget\" data-settings=\"{&quot;_animation&quot;:&quot;fadeIn&quot;,&quot;_animation_delay&quot;:200}\" data-widget_type=\"heading.default\">\n\t\t\t\t<div class=\"elementor-widget-container\">\n\t\t\t\t\t<h2 class=\"elementor-heading-title elementor-size-default\">Votre artiste tatoueuse \u00e0 Boll\u00e8ne<\/h2>\t\t\t\t<\/div>\n\t\t\t\t<\/div>\n\t\t\t\t<section class=\"elementor-section elementor-inner-section elementor-element elementor-element-438b4324 elementor-section-boxed elementor-section-height-default elementor-section-height-default\" data-id=\"438b4324\" data-element_type=\"section\">\n\t\t\t\t\t\t<div class=\"elementor-container elementor-column-gap-default\">\n\t\t\t\t\t<div class=\"elementor-column elementor-col-50 elementor-inner-column elementor-element elementor-element-7df46004 elementor-invisible\" data-id=\"7df46004\" data-element_type=\"column\" data-settings=\"{&quot;animation&quot;:&quot;fadeIn&quot;,&quot;animation_delay&quot;:400}\">\n\t\t\t<div class=\"elementor-widget-wrap elementor-element-populated\">\n\t\t\t\t\t\t<div class=\"elementor-element elementor-element-34036b6b elementor-widget-tablet__width-initial elementor-widget elementor-widget-elementskit-team\" data-id=\"34036b6b\" data-element_type=\"widget\" data-widget_type=\"elementskit-team.default\">\n\t\t\t\t<div class=\"elementor-widget-container\">\n\t\t\t\t\t<div class=\"ekit-wid-con\">\n\t\t\t\t\t\t\t <div class=\"image-card-v2\"> \t\t\t\t\t\t\t\t\t\t\t\t\t\t\t\t\t<div class=\"profile-image-card elementor-animation- ekit-team-img ekit-team-style-overlay_details text-center\">\n\n\t\t\t\t\t\t\t\t\t\t\t\t\t<img fetchpriority=\"high\" decoding=\"async\" width=\"1179\" height=\"1530\" src=\"https:\/\/elynktattoo.fr\/wp-content\/uploads\/2024\/12\/ELY.jpeg\" class=\"attachment-full size-full wp-image-988125\" alt=\"\" srcset=\"https:\/\/elynktattoo.fr\/wp-content\/uploads\/2024\/12\/ELY.jpeg 1179w, https:\/\/elynktattoo.fr\/wp-content\/uploads\/2024\/12\/ELY-231x300.jpeg 231w, https:\/\/elynktattoo.fr\/wp-content\/uploads\/2024\/12\/ELY-789x1024.jpeg 789w, https:\/\/elynktattoo.fr\/wp-content\/uploads\/2024\/12\/ELY-768x997.jpeg 768w, https:\/\/elynktattoo.fr\/wp-content\/uploads\/2024\/12\/ELY-578x750.jpeg 578w\" sizes=\"(max-width: 1179px) 100vw, 1179px\" \/>\t\t\t\t\t\t\t\t\t\t\t\t<div class=\"hover-area\">\n\t\t\t\t\t\t\t<div class=\"profile-body\">\n\t\t\t\t\t\t\t\t<h2 class=\"profile-title\">\n\t\t\t\t\t\t\t\t\t\t\t\t\t\t\t\t\tEly\t\t\t\t\t\t\t\t\t\t\t\t\t\t\t\t<\/h2>\n\t\t\t\t\t\t\t\t<p class=\"profile-designation\">Artiste tatoueuse<\/p>\n\t\t\t\t\t\t\t\t\t\t\t\t\t\t\t<\/div>\n\t\t\t\t\t\t\t\t\t\t\t\t\t\t\t<div class=\"profile-footer\">\n\t\t\t\t\t\t\t\t\t<ul class=\"ekit-team-social-list\">\n\t\t\t<li class=\"elementor-repeater-item-ae14053\">\n\t\t\t<a href=\"https:\/\/www.facebook.com\/profile.php?id=61567118202306\" target=\"_blank\" aria-label=\"Facebook\">\n\t\t\t\t<i aria-hidden=\"true\" class=\"icon icon-facebook\"><\/i>\t\t\t<\/a>\n\t\t<\/li>\n\t\t\t<li class=\"elementor-repeater-item-8d75d2e\">\n\t\t\t<a href=\"https:\/\/www.instagram.com\/elynk.tattoo\/\" target=\"_blank\" aria-label=\"Instagram\">\n\t\t\t\t<svg aria-hidden=\"true\" class=\"e-font-icon-svg e-fab-instagram\" viewBox=\"0 0 448 512\" xmlns=\"http:\/\/www.w3.org\/2000\/svg\"><path d=\"M224.1 141c-63.6 0-114.9 51.3-114.9 114.9s51.3 114.9 114.9 114.9S339 319.5 339 255.9 287.7 141 224.1 141zm0 189.6c-41.1 0-74.7-33.5-74.7-74.7s33.5-74.7 74.7-74.7 74.7 33.5 74.7 74.7-33.6 74.7-74.7 74.7zm146.4-194.3c0 14.9-12 26.8-26.8 26.8-14.9 0-26.8-12-26.8-26.8s12-26.8 26.8-26.8 26.8 12 26.8 26.8zm76.1 27.2c-1.7-35.9-9.9-67.7-36.2-93.9-26.2-26.2-58-34.4-93.9-36.2-37-2.1-147.9-2.1-184.9 0-35.8 1.7-67.6 9.9-93.9 36.1s-34.4 58-36.2 93.9c-2.1 37-2.1 147.9 0 184.9 1.7 35.9 9.9 67.7 36.2 93.9s58 34.4 93.9 36.2c37 2.1 147.9 2.1 184.9 0 35.9-1.7 67.7-9.9 93.9-36.2 26.2-26.2 34.4-58 36.2-93.9 2.1-37 2.1-147.8 0-184.8zM398.8 388c-7.8 19.6-22.9 34.7-42.6 42.6-29.5 11.7-99.5 9-132.1 9s-102.7 2.6-132.1-9c-19.6-7.8-34.7-22.9-42.6-42.6-11.7-29.5-9-99.5-9-132.1s-2.6-102.7 9-132.1c7.8-19.6 22.9-34.7 42.6-42.6 29.5-11.7 99.5-9 132.1-9s102.7-2.6 132.1 9c19.6 7.8 34.7 22.9 42.6 42.6 11.7 29.5 9 99.5 9 132.1s2.7 102.7-9 132.1z\"><\/path><\/svg>\t\t\t<\/a>\n\t\t<\/li>\n\t<\/ul>\n\t\t\t\t\t\t\t\t<\/div>\n\t\t\t\t\t\t\t\t\t\t\t\t\t<\/div>\n\t\t\t\t\t<\/div>\n\t\t\t\t\t <\/div> \n\t\t\t\t\n\t\t\t\t<\/div>\t\t\t\t<\/div>\n\t\t\t\t<\/div>\n\t\t\t\t\t<\/div>\n\t\t<\/div>\n\t\t\t\t<div class=\"elementor-column elementor-col-50 elementor-inner-column elementor-element elementor-element-29d1b651 elementor-invisible\" data-id=\"29d1b651\" data-element_type=\"column\" data-settings=\"{&quot;animation&quot;:&quot;fadeIn&quot;,&quot;animation_delay&quot;:500}\">\n\t\t\t<div class=\"elementor-widget-wrap elementor-element-populated\">\n\t\t\t\t\t\t<div class=\"elementor-element elementor-element-a467494 elementor-widget elementor-widget-text-editor\" data-id=\"a467494\" data-element_type=\"widget\" data-widget_type=\"text-editor.default\">\n\t\t\t\t<div class=\"elementor-widget-container\">\n\t\t\t\t\t\t\t\t\t<p>Ely, fondatrice et artiste d\u2019Elynk Tattoo, est une passionn\u00e9e d\u2019art depuis toujours. Avec un amour profond pour le dessin et la cr\u00e9ation, elle a trouv\u00e9 dans le tatouage et la dermopigmentation une mani\u00e8re unique de m\u00ealer esth\u00e9tique et expression personnelle. Apr\u00e8s trois ann\u00e9es de formation rigoureuse et un parcours parsem\u00e9 de d\u00e9fis, elle a su transformer sa passion en un m\u00e9tier qui lui tient \u00e0 c\u0153ur.<\/p><p>Motiv\u00e9e par le d\u00e9sir d\u2019accompagner ses clients dans la r\u00e9alisation de leurs id\u00e9es, Ely est connue pour son \u00e9coute attentive et sa capacit\u00e9 \u00e0 transformer des inspirations floues en \u0153uvres d\u2019art sur mesure. Elle aime relever les d\u00e9fis, qu\u2019il s\u2019agisse de cr\u00e9ations audacieuses ou de prestations pr\u00e9cises comme le maquillage permanent.<\/p><p>Aujourd\u2019hui, Ely s\u2019efforce de faire de chaque s\u00e9ance un moment unique et chaleureux, dans un cadre o\u00f9 hygi\u00e8ne, respect et cr\u00e9ativit\u00e9 sont essentiels. Sa plus grande ambition ? Apporter \u00e0 travers son art une touche de confiance et de beaut\u00e9 \u00e0 ceux qui franchissent les portes d\u2019Elynk Tattoo.<\/p>\t\t\t\t\t\t\t\t<\/div>\n\t\t\t\t<\/div>\n\t\t\t\t\t<\/div>\n\t\t<\/div>\n\t\t\t\t\t<\/div>\n\t\t<\/section>\n\t\t\t\t\t<\/div>\n\t\t<\/div>\n\t\t\t\t\t<\/div>\n\t\t<\/section>\n\t\t\t\t<section class=\"elementor-section elementor-top-section elementor-element elementor-element-3ac2e615 elementor-section-full_width animated-slow elementor-section-height-default elementor-section-height-default elementor-invisible\" data-id=\"3ac2e615\" data-element_type=\"section\" data-settings=\"{&quot;animation&quot;:&quot;fadeIn&quot;}\">\n\t\t\t\t\t\t<div class=\"elementor-container elementor-column-gap-default\">\n\t\t\t\t\t<div class=\"elementor-column elementor-col-100 elementor-top-column elementor-element elementor-element-dacfa4d\" data-id=\"dacfa4d\" data-element_type=\"column\">\n\t\t\t<div class=\"elementor-widget-wrap elementor-element-populated\">\n\t\t\t\t\t\t<div class=\"elementor-element elementor-element-c463579 elementor-widget elementor-widget-spacer\" data-id=\"c463579\" data-element_type=\"widget\" data-widget_type=\"spacer.default\">\n\t\t\t\t<div class=\"elementor-widget-container\">\n\t\t\t\t\t\t\t<div class=\"elementor-spacer\">\n\t\t\t<div class=\"elementor-spacer-inner\"><\/div>\n\t\t<\/div>\n\t\t\t\t\t\t<\/div>\n\t\t\t\t<\/div>\n\t\t\t\t<div class=\"elementor-element elementor-element-776fdf6 elementor-widget elementor-widget-google_maps\" data-id=\"776fdf6\" data-element_type=\"widget\" data-widget_type=\"google_maps.default\">\n\t\t\t\t<div class=\"elementor-widget-container\">\n\t\t\t\t\t\t\t<div class=\"elementor-custom-embed\">\n\t\t\t<iframe loading=\"lazy\"\n\t\t\t\t\tsrc=\"https:\/\/maps.google.com\/maps?q=36%20bis%20Bd%20Victor%20Hugo%2C%2084500%20Boll%C3%A8ne&#038;t=m&#038;z=16&#038;output=embed&#038;iwloc=near\"\n\t\t\t\t\ttitle=\"36 bis Bd Victor Hugo, 84500 Boll\u00e8ne\"\n\t\t\t\t\taria-label=\"36 bis Bd Victor Hugo, 84500 Boll\u00e8ne\"\n\t\t\t><\/iframe>\n\t\t<\/div>\n\t\t\t\t\t\t<\/div>\n\t\t\t\t<\/div>\n\t\t\t\t\t<\/div>\n\t\t<\/div>\n\t\t\t\t\t<\/div>\n\t\t<\/section>\n\t\t\t\t<\/div>\n\t\t","protected":false},"excerpt":{"rendered":"<p>D\u00e9couvre Ely Votre artiste tatoueuse \u00e0 Boll\u00e8ne Ely Artiste tatoueuse Ely, fondatrice et artiste d\u2019Elynk Tattoo, est une passionn\u00e9e d\u2019art depuis toujours. Avec un amour profond pour le dessin et la cr\u00e9ation, elle a trouv\u00e9 dans le tatouage et la dermopigmentation une mani\u00e8re unique de m\u00ealer esth\u00e9tique et expression personnelle. Apr\u00e8s trois ann\u00e9es de formation [&hellip;]<\/p>\n","protected":false},"author":1,"featured_media":0,"parent":14723,"menu_order":0,"comment_status":"closed","ping_status":"closed","template":"elementor_header_footer","meta":{"footnotes":""},"class_list":["post-987722","page","type-page","status-publish","hentry"],"yoast_head":"<!-- This site is optimized with the Yoast SEO plugin v25.2 - https:\/\/yoast.com\/wordpress\/plugins\/seo\/ -->\n<title>\u00c0 propos - Elynk Tattoo<\/title>\n<meta name=\"robots\" content=\"index, follow, max-snippet:-1, max-image-preview:large, max-video-preview:-1\" \/>\n<link rel=\"canonical\" href=\"https:\/\/elynktattoo.fr\/?page_id=987722\" \/>\n<meta property=\"og:locale\" content=\"en_US\" \/>\n<meta property=\"og:type\" content=\"article\" \/>\n<meta property=\"og:title\" content=\"\u00c0 propos - Elynk Tattoo\" \/>\n<meta property=\"og:description\" content=\"D\u00e9couvre Ely Votre artiste tatoueuse \u00e0 Boll\u00e8ne Ely Artiste tatoueuse Ely, fondatrice et artiste d\u2019Elynk Tattoo, est une passionn\u00e9e d\u2019art depuis toujours. Avec un amour profond pour le dessin et la cr\u00e9ation, elle a trouv\u00e9 dans le tatouage et la dermopigmentation une mani\u00e8re unique de m\u00ealer esth\u00e9tique et expression personnelle. Apr\u00e8s trois ann\u00e9es de formation [&hellip;]\" \/>\n<meta property=\"og:url\" content=\"https:\/\/elynktattoo.fr\/?page_id=987722\" \/>\n<meta property=\"og:site_name\" content=\"Elynk Tattoo\" \/>\n<meta property=\"article:modified_time\" content=\"2024-12-09T07:25:26+00:00\" \/>\n<meta property=\"og:image\" content=\"http:\/\/elynktattoo.fr\/wp-content\/uploads\/2024\/12\/ELY.jpeg\" \/>\n<meta name=\"twitter:card\" content=\"summary_large_image\" \/>\n<meta name=\"twitter:label1\" content=\"Est. reading time\" \/>\n\t<meta name=\"twitter:data1\" content=\"2 minutes\" \/>\n<script type=\"application\/ld+json\" class=\"yoast-schema-graph\">{\"@context\":\"https:\/\/schema.org\",\"@graph\":[{\"@type\":\"WebPage\",\"@id\":\"https:\/\/elynktattoo.fr\/?page_id=987722\",\"url\":\"https:\/\/elynktattoo.fr\/?page_id=987722\",\"name\":\"\u00c0 propos - Elynk Tattoo\",\"isPartOf\":{\"@id\":\"https:\/\/elynktattoo.fr\/#website\"},\"primaryImageOfPage\":{\"@id\":\"https:\/\/elynktattoo.fr\/?page_id=987722#primaryimage\"},\"image\":{\"@id\":\"https:\/\/elynktattoo.fr\/?page_id=987722#primaryimage\"},\"thumbnailUrl\":\"http:\/\/elynktattoo.fr\/wp-content\/uploads\/2024\/12\/ELY.jpeg\",\"datePublished\":\"2024-11-19T15:33:54+00:00\",\"dateModified\":\"2024-12-09T07:25:26+00:00\",\"breadcrumb\":{\"@id\":\"https:\/\/elynktattoo.fr\/?page_id=987722#breadcrumb\"},\"inLanguage\":\"en-US\",\"potentialAction\":[{\"@type\":\"ReadAction\",\"target\":[\"https:\/\/elynktattoo.fr\/?page_id=987722\"]}]},{\"@type\":\"ImageObject\",\"inLanguage\":\"en-US\",\"@id\":\"https:\/\/elynktattoo.fr\/?page_id=987722#primaryimage\",\"url\":\"https:\/\/elynktattoo.fr\/wp-content\/uploads\/2024\/12\/ELY.jpeg\",\"contentUrl\":\"https:\/\/elynktattoo.fr\/wp-content\/uploads\/2024\/12\/ELY.jpeg\",\"width\":1179,\"height\":1530},{\"@type\":\"BreadcrumbList\",\"@id\":\"https:\/\/elynktattoo.fr\/?page_id=987722#breadcrumb\",\"itemListElement\":[{\"@type\":\"ListItem\",\"position\":1,\"name\":\"Accueil\",\"item\":\"https:\/\/elynktattoo.fr\/\"},{\"@type\":\"ListItem\",\"position\":2,\"name\":\"Bienvenue\",\"item\":\"https:\/\/elynktattoo.fr\/\"},{\"@type\":\"ListItem\",\"position\":3,\"name\":\"\u00c0 propos\"}]},{\"@type\":\"WebSite\",\"@id\":\"https:\/\/elynktattoo.fr\/#website\",\"url\":\"https:\/\/elynktattoo.fr\/\",\"name\":\"Elynk Tattoo\",\"description\":\"Vous en r\u00eavez, on le tatou\",\"publisher\":{\"@id\":\"https:\/\/elynktattoo.fr\/#organization\"},\"potentialAction\":[{\"@type\":\"SearchAction\",\"target\":{\"@type\":\"EntryPoint\",\"urlTemplate\":\"https:\/\/elynktattoo.fr\/?s={search_term_string}\"},\"query-input\":{\"@type\":\"PropertyValueSpecification\",\"valueRequired\":true,\"valueName\":\"search_term_string\"}}],\"inLanguage\":\"en-US\"},{\"@type\":\"Organization\",\"@id\":\"https:\/\/elynktattoo.fr\/#organization\",\"name\":\"Elynk Tattoo\",\"url\":\"https:\/\/elynktattoo.fr\/\",\"logo\":{\"@type\":\"ImageObject\",\"inLanguage\":\"en-US\",\"@id\":\"https:\/\/elynktattoo.fr\/#\/schema\/logo\/image\/\",\"url\":\"https:\/\/elynktattoo.fr\/wp-content\/uploads\/2024\/11\/cropped-Logo.webp\",\"contentUrl\":\"https:\/\/elynktattoo.fr\/wp-content\/uploads\/2024\/11\/cropped-Logo.webp\",\"width\":1078,\"height\":1078,\"caption\":\"Elynk Tattoo\"},\"image\":{\"@id\":\"https:\/\/elynktattoo.fr\/#\/schema\/logo\/image\/\"}}]}<\/script>\n<!-- \/ Yoast SEO plugin. -->","yoast_head_json":{"title":"\u00c0 propos - Elynk Tattoo","robots":{"index":"index","follow":"follow","max-snippet":"max-snippet:-1","max-image-preview":"max-image-preview:large","max-video-preview":"max-video-preview:-1"},"canonical":"https:\/\/elynktattoo.fr\/?page_id=987722","og_locale":"en_US","og_type":"article","og_title":"\u00c0 propos - Elynk Tattoo","og_description":"D\u00e9couvre Ely Votre artiste tatoueuse \u00e0 Boll\u00e8ne Ely Artiste tatoueuse Ely, fondatrice et artiste d\u2019Elynk Tattoo, est une passionn\u00e9e d\u2019art depuis toujours. Avec un amour profond pour le dessin et la cr\u00e9ation, elle a trouv\u00e9 dans le tatouage et la dermopigmentation une mani\u00e8re unique de m\u00ealer esth\u00e9tique et expression personnelle. Apr\u00e8s trois ann\u00e9es de formation [&hellip;]","og_url":"https:\/\/elynktattoo.fr\/?page_id=987722","og_site_name":"Elynk Tattoo","article_modified_time":"2024-12-09T07:25:26+00:00","og_image":[{"url":"http:\/\/elynktattoo.fr\/wp-content\/uploads\/2024\/12\/ELY.jpeg","type":"","width":"","height":""}],"twitter_card":"summary_large_image","twitter_misc":{"Est. reading time":"2 minutes"},"schema":{"@context":"https:\/\/schema.org","@graph":[{"@type":"WebPage","@id":"https:\/\/elynktattoo.fr\/?page_id=987722","url":"https:\/\/elynktattoo.fr\/?page_id=987722","name":"\u00c0 propos - Elynk Tattoo","isPartOf":{"@id":"https:\/\/elynktattoo.fr\/#website"},"primaryImageOfPage":{"@id":"https:\/\/elynktattoo.fr\/?page_id=987722#primaryimage"},"image":{"@id":"https:\/\/elynktattoo.fr\/?page_id=987722#primaryimage"},"thumbnailUrl":"http:\/\/elynktattoo.fr\/wp-content\/uploads\/2024\/12\/ELY.jpeg","datePublished":"2024-11-19T15:33:54+00:00","dateModified":"2024-12-09T07:25:26+00:00","breadcrumb":{"@id":"https:\/\/elynktattoo.fr\/?page_id=987722#breadcrumb"},"inLanguage":"en-US","potentialAction":[{"@type":"ReadAction","target":["https:\/\/elynktattoo.fr\/?page_id=987722"]}]},{"@type":"ImageObject","inLanguage":"en-US","@id":"https:\/\/elynktattoo.fr\/?page_id=987722#primaryimage","url":"https:\/\/elynktattoo.fr\/wp-content\/uploads\/2024\/12\/ELY.jpeg","contentUrl":"https:\/\/elynktattoo.fr\/wp-content\/uploads\/2024\/12\/ELY.jpeg","width":1179,"height":1530},{"@type":"BreadcrumbList","@id":"https:\/\/elynktattoo.fr\/?page_id=987722#breadcrumb","itemListElement":[{"@type":"ListItem","position":1,"name":"Accueil","item":"https:\/\/elynktattoo.fr\/"},{"@type":"ListItem","position":2,"name":"Bienvenue","item":"https:\/\/elynktattoo.fr\/"},{"@type":"ListItem","position":3,"name":"\u00c0 propos"}]},{"@type":"WebSite","@id":"https:\/\/elynktattoo.fr\/#website","url":"https:\/\/elynktattoo.fr\/","name":"Elynk Tattoo","description":"Vous en r\u00eavez, on le tatou","publisher":{"@id":"https:\/\/elynktattoo.fr\/#organization"},"potentialAction":[{"@type":"SearchAction","target":{"@type":"EntryPoint","urlTemplate":"https:\/\/elynktattoo.fr\/?s={search_term_string}"},"query-input":{"@type":"PropertyValueSpecification","valueRequired":true,"valueName":"search_term_string"}}],"inLanguage":"en-US"},{"@type":"Organization","@id":"https:\/\/elynktattoo.fr\/#organization","name":"Elynk Tattoo","url":"https:\/\/elynktattoo.fr\/","logo":{"@type":"ImageObject","inLanguage":"en-US","@id":"https:\/\/elynktattoo.fr\/#\/schema\/logo\/image\/","url":"https:\/\/elynktattoo.fr\/wp-content\/uploads\/2024\/11\/cropped-Logo.webp","contentUrl":"https:\/\/elynktattoo.fr\/wp-content\/uploads\/2024\/11\/cropped-Logo.webp","width":1078,"height":1078,"caption":"Elynk Tattoo"},"image":{"@id":"https:\/\/elynktattoo.fr\/#\/schema\/logo\/image\/"}}]}},"_links":{"self":[{"href":"https:\/\/elynktattoo.fr\/index.php?rest_route=\/wp\/v2\/pages\/987722","targetHints":{"allow":["GET"]}}],"collection":[{"href":"https:\/\/elynktattoo.fr\/index.php?rest_route=\/wp\/v2\/pages"}],"about":[{"href":"https:\/\/elynktattoo.fr\/index.php?rest_route=\/wp\/v2\/types\/page"}],"author":[{"embeddable":true,"href":"https:\/\/elynktattoo.fr\/index.php?rest_route=\/wp\/v2\/users\/1"}],"replies":[{"embeddable":true,"href":"https:\/\/elynktattoo.fr\/index.php?rest_route=%2Fwp%2Fv2%2Fcomments&post=987722"}],"version-history":[{"count":40,"href":"https:\/\/elynktattoo.fr\/index.php?rest_route=\/wp\/v2\/pages\/987722\/revisions"}],"predecessor-version":[{"id":988150,"href":"https:\/\/elynktattoo.fr\/index.php?rest_route=\/wp\/v2\/pages\/987722\/revisions\/988150"}],"up":[{"embeddable":true,"href":"https:\/\/elynktattoo.fr\/index.php?rest_route=\/wp\/v2\/pages\/14723"}],"wp:attachment":[{"href":"https:\/\/elynktattoo.fr\/index.php?rest_route=%2Fwp%2Fv2%2Fmedia&parent=987722"}],"curies":[{"name":"wp","href":"https:\/\/api.w.org\/{rel}","templated":true}]}}